{"id":81,"date":"2025-08-17T17:40:22","date_gmt":"2025-08-17T17:40:22","guid":{"rendered":"https:\/\/footerflow.site\/?product=elementor-pro-2"},"modified":"2025-08-17T18:43:08","modified_gmt":"2025-08-17T18:43:08","slug":"elementor-pro-2","status":"publish","type":"product","link":"https:\/\/footerflow.site\/?product=elementor-pro-2","title":{"rendered":"Elementor Pro"},"content":{"rendered":"<ul data-mce-style=\"border: 0px; margin: 0px 0px 1.5em 3em; padding: 0px; vertical-align: baseline; font-family: Heebo, sans-serif;\" style=\"margin: 0px 0px 1.5em 3em;padding: 0px;border: 0px;line-height: inherit;font-family: Heebo, sans-serif;vertical-align: baseline\">\n<li data-mce-style=\"border: 0px; font-style: inherit; font-weight: inherit; margin: 0px; padding: 0px; vertical-align: baseline;\" style=\"margin: 0px;padding: 0px;border: 0px;font: inherit;vertical-align: baseline\">Todos estos\u00a0<span data-mce-style=\"font-weight: bold;\" style=\"margin: 0px;padding: 0px;border: 0px;font-style: inherit;font-variant: inherit;font-weight: bold;font-size: inherit;line-height: inherit;font-family: inherit;vertical-align: baseline\">plugins<\/span>\u00a0y\u00a0<span data-mce-style=\"font-weight: bold;\" style=\"margin: 0px;padding: 0px;border: 0px;font-style: inherit;font-variant: inherit;font-weight: bold;font-size: inherit;line-height: inherit;font-family: inherit;vertical-align: baseline\">temas<\/span>, est\u00e1n autorizados bajo la\u00a0Licencia P\u00fablica General (GPL), esto significa que una vez que hayamos comprado el art\u00edculo original, podemos redistribuirlo libremente.<\/li>\n<li data-mce-style=\"border: 0px; font-style: inherit; font-weight: inherit; margin: 0px; padding: 0px; vertical-align: baseline;\" style=\"margin: 0px;padding: 0px;border: 0px;font: inherit;vertical-align: baseline\">Gracias a esta licencia, podemos ofrecerte productos premium a precios incre\u00edblemente bajos.\u00a0Tu compra en nuestro sitio se destina a mantener estos productos actualizados.<\/li>\n<\/ul>\n<p data-mce-style=\"border: 0px; margin: 0px 0px 1.6em; padding: 0px; vertical-align: baseline; font-family: Heebo, sans-serif;\" style=\"margin: 0px 0px 1.6em;padding: 0px;border: 0px;line-height: inherit;font-family: Heebo, sans-serif;vertical-align: baseline\">Elementor Pro es un poderoso plugin de dise\u00f1o de p\u00e1ginas para WordPress que ha revolucionado la forma en que los usuarios crean sitios web. Con una interfaz intuitiva y una amplia gama de herramientas, brinda la capacidad de crear sitios web profesionales de manera r\u00e1pida y sencilla, sin la necesidad de conocimientos avanzados de codificaci\u00f3n o dise\u00f1o web.<\/p>\n<p data-mce-style=\"border: 0px; margin: 0px 0px 1.6em; padding: 0px; vertical-align: baseline; font-family: Heebo, sans-serif;\" style=\"margin: 0px 0px 1.6em;padding: 0px;border: 0px;line-height: inherit;font-family: Heebo, sans-serif;vertical-align: baseline\">Al descargar Elementor Pro, los usuarios obtienen acceso a una amplia biblioteca de widgets y plantillas exclusivas que les permiten personalizar su sitio web de manera \u00fanica y atractiva. Esto proporciona una mayor flexibilidad en la personalizaci\u00f3n de la apariencia y el dise\u00f1o del sitio, sin la necesidad de escribir c\u00f3digo.<\/p>\n<p data-mce-style=\"border: 0px; margin: 0px; padding: 0px; vertical-align: baseline; font-family: Heebo, sans-serif;\" style=\"margin: 0px;padding: 0px;border: 0px;line-height: inherit;font-family: Heebo, sans-serif;vertical-align: baseline\">En resumen, Elementor Pro es la elecci\u00f3n ideal para aquellos que buscan llevar su dise\u00f1o de sitios web a un nivel superior. Con su conjunto completo de caracter\u00edsticas, su interfaz f\u00e1cil de usar y su capacidad para personalizar cada aspecto de un sitio, Elementor Pro es una herramienta esencial para profesionales creativos y propietarios de sitios web que desean destacar en un mercado cada vez m\u00e1s competitivo.<\/p>\n","protected":false},"excerpt":{"rendered":"<ul class=\"elementor-icon-list-items\" style=\"border: 0px;margin: 0px;padding: 0px;vertical-align: baseline;font-family: Heebo, sans-serif\" data-mce-style=\"border: 0px; margin: 0px; padding: 0px; vertical-align: baseline; font-family: Heebo, sans-serif;\">\n<li class=\"elementor-icon-list-item\" style=\"border: 0px;font-size: inherit;font-style: inherit;font-weight: inherit;margin: 0px;padding: 0px 0px calc(1.5px);vertical-align: baseline;position: relative;align-items: center\" data-mce-style=\"border: 0px; font-size: inherit; font-style: inherit; font-weight: inherit; margin: 0px; padding: 0px 0px calc(1.5px); vertical-align: baseline; position: relative; align-items: center;\"><span class=\"elementor-icon-list-text\" style=\"align-self: center;padding-inline-start: 5px\" data-mce-style=\"align-self: center; padding-inline-start: 5px;\">Actualizaciones autom\u00e1ticas.<\/span><\/li>\n<li class=\"elementor-icon-list-item\" style=\"border: 0px;font-size: inherit;font-style: inherit;font-weight: inherit;margin: 0px;padding: 0px 0px calc(1.5px);vertical-align: baseline;position: relative;align-items: center\" data-mce-style=\"border: 0px; font-size: inherit; font-style: inherit; font-weight: inherit; margin: 0px; padding: 0px 0px calc(1.5px); vertical-align: baseline; position: relative; align-items: center;\"><span class=\"elementor-icon-list-text\" style=\"align-self: center;padding-inline-start: 5px\" data-mce-style=\"align-self: center; padding-inline-start: 5px;\">Uso en dominios ilimitados.<\/span><span id=\"_mce_caret\" data-mce-bogus=\"1\" data-mce-type=\"format-caret\"><\/span><\/li>\n<li class=\"elementor-icon-list-item\" style=\"border: 0px;font-size: inherit;font-style: inherit;font-weight: inherit;margin: 0px;padding: 0px 0px calc(1.5px);vertical-align: baseline;position: relative;align-items: center\" data-mce-style=\"border: 0px; font-size: inherit; font-style: inherit; font-weight: inherit; margin: 0px; padding: 0px 0px calc(1.5px); vertical-align: baseline; position: relative; align-items: center;\"><span class=\"elementor-icon-list-text\" style=\"align-self: center;padding-inline-start: 5px\" data-mce-style=\"align-self: center; padding-inline-start: 5px;\">Producto original.<\/span><\/li>\n<\/ul>\n","protected":false},"featured_media":27,"comment_status":"open","ping_status":"closed","template":"","meta":{"_gspb_post_css":""},"store":[],"product_brand":[],"product_cat":[44],"product_tag":[],"class_list":{"0":"post-81","1":"product","2":"type-product","3":"status-publish","4":"has-post-thumbnail","6":"product_cat-plugins","8":"first","9":"instock","10":"downloadable","11":"shipping-taxable","12":"purchasable","13":"product-type-simple"},"_links":{"self":[{"href":"https:\/\/footerflow.site\/index.php?rest_route=\/wp\/v2\/product\/81","targetHints":{"allow":["GET"]}}],"collection":[{"href":"https:\/\/footerflow.site\/index.php?rest_route=\/wp\/v2\/product"}],"about":[{"href":"https:\/\/footerflow.site\/index.php?rest_route=\/wp\/v2\/types\/product"}],"replies":[{"embeddable":true,"href":"https:\/\/footerflow.site\/index.php?rest_route=%2Fwp%2Fv2%2Fcomments&post=81"}],"wp:featuredmedia":[{"embeddable":true,"href":"https:\/\/footerflow.site\/index.php?rest_route=\/wp\/v2\/media\/27"}],"wp:attachment":[{"href":"https:\/\/footerflow.site\/index.php?rest_route=%2Fwp%2Fv2%2Fmedia&parent=81"}],"wp:term":[{"taxonomy":"store","embeddable":true,"href":"https:\/\/footerflow.site\/index.php?rest_route=%2Fwp%2Fv2%2Fstore&post=81"},{"taxonomy":"product_brand","embeddable":true,"href":"https:\/\/footerflow.site\/index.php?rest_route=%2Fwp%2Fv2%2Fproduct_brand&post=81"},{"taxonomy":"product_cat","embeddable":true,"href":"https:\/\/footerflow.site\/index.php?rest_route=%2Fwp%2Fv2%2Fproduct_cat&post=81"},{"taxonomy":"product_tag","embeddable":true,"href":"https:\/\/footerflow.site\/index.php?rest_route=%2Fwp%2Fv2%2Fproduct_tag&post=81"}],"curies":[{"name":"wp","href":"https:\/\/api.w.org\/{rel}","templated":true}]}}